{"id":3,"date":"2021-10-19T09:39:39","date_gmt":"2021-10-19T09:39:39","guid":{"rendered":"https:\/\/tendarredopoletto.com\/?page_id=3"},"modified":"2023-02-15T09:08:23","modified_gmt":"2023-02-15T09:08:23","slug":"privacy-policy","status":"publish","type":"page","link":"https:\/\/tendarredopoletto.com\/?page_id=3","title":{"rendered":"Privacy Policy"},"content":{"rendered":"\t\t<div data-elementor-type=\"wp-page\" data-elementor-id=\"3\" class=\"elementor elementor-3\">\n\t\t\t\t\t\t<section class=\"elementor-section elementor-top-section elementor-element elementor-element-a157852 elementor-section-boxed elementor-section-height-default elementor-section-height-default\" data-id=\"a157852\" data-element_type=\"section\">\n\t\t\t\t\t\t<div class=\"elementor-container elementor-column-gap-default\">\n\t\t\t\t\t<div class=\"elementor-column elementor-col-100 elementor-top-column elementor-element elementor-element-5297cc2b\" data-id=\"5297cc2b\" data-element_type=\"column\">\n\t\t\t<div class=\"elementor-widget-wrap elementor-element-populated\">\n\t\t\t\t\t\t<div class=\"elementor-element elementor-element-25e8587 elementor-widget elementor-widget-text-editor\" data-id=\"25e8587\" data-element_type=\"widget\" data-widget_type=\"text-editor.default\">\n\t\t\t\t<div class=\"elementor-widget-container\">\n\t\t\t\t\t\t\t\t\t<p><\/p>\n<p><strong>&nbsp;LA PRIVACY POLICY&nbsp;<\/strong><br>Informativa ai sensi degli artt. 13 e ss. Reg. UE n. 679\/2016 (GDPR) [ex art. 13 d.lgs. 196\/2003 &#8211; Codice della Privacy]<br>Con la presente Vi informiamo che, ai sensi e per gli effetti degli artt. 13 e ss. del Reg. UE 679\/2016 (GDPR) e ex art. 13 d.lgs. 196\/2003 (Codice della Privacy), i Vostri dati a noi conferiti saranno trattati in conformit\u00e0 alle normative vigenti ed in particolare come segue. Ai sensi dell&#8217;articolo 13 del Regolamento GDPR si informa che il trattamento dei dati personali, anche sensibili, da Voi direttamente e volontariamente forniti alla Societ\u00e0 o acquisiti presso Terzi in conformit\u00e0 alla legge, sar\u00e0 finalizzato unicamente al rapporto contrattuale tra Consumatore\/Cliente e Societ\u00e0 oltre alla divulgazione commerciale e assistenza al consumatore, nonch\u00e9 a trattamenti fiscali, di igiene e di sicurezza e avverr\u00e0 presso \u201cNuova Tendarredo Poletto.\u201d, ai sensi dell\u2019art. 26 Reg. UE 679\/2016 che determina finalit\u00e0 e mezzi del trattamento stesso, predisponendo l&#8217;utilizzo di procedure anche informatizzate, nei modi e nei limiti necessari per perseguire le predette finalit\u00e0.<\/p>\n<p><\/p>\n<p><\/p>\n<p><strong>Natura dei dati trattati<\/strong>. Si tratta di dati identificativi anagrafici, fiscali e similari, per la diffusione dei messaggi promozionali e\/o gestione di eventuali concorsi premiali della Societ\u00e0 ed il corretto supporto al cliente\/consumatore. Tali dati sono gestiti nei limiti in cui il trattamento di tali informazioni \u00e8 necessario per adempiere ai servizi di divulgazione cui Lei accede ed assistenza di cui il cliente\/consumatore usufruisce. In ogni caso tali dati verranno trattati nel rispetto del principio di dignit\u00e0 e di non discriminazione: a tal fine la Societ\u00e0 ha adottato le idonee procedure di protezione e controllo del dato medesimo.<\/p>\n<p><\/p>\n<p><\/p>\n<p><strong>Finalit\u00e0 del trattamento<\/strong>. Il trattamento dei dati verr\u00e0 effettuato per consentire lo svolgimento delle attivit\u00e0 connesse alla gestione e divulgazione commerciale, la partecipazione a eventuali concorsi ed operazioni a premi e le attivit\u00e0 di assistenza intercorrenti tra la Societ\u00e0 e ogni singolo consumatore\/cliente, ex art. 13, c. 1, lett. c, Reg. 679\/2016. I dati personali, comuni, sensibili e giudiziari, suoi e di eventuali suoi familiari, verranno utilizzati:<\/p>\n<p><\/p>\n<p><\/p>\n<ul class=\"wp-block-list\">\n<li>per la divulgazione di messaggi commerciali e\/o promozionali;<\/li>\n<li>per l\u2019adempimento di obblighi legali e contrattuali connessi alle campagne di marketing e promozioni cui il cliente\/consumatore accede;<\/li>\n<li>per la difesa di un diritto in sede di contenzioso;<\/li>\n<li>per ogni altra necessit\u00e0 connessa alle esigenze del rapporto tra la Societ\u00e0 ed il Consumatore\/Cliente.<\/li>\n<\/ul>\n<p><\/p>\n<p><\/p>\n<p><strong>Natura del conferimento dei dati<\/strong>. La informiamo che per il conferimento dei suoi dati, di natura comune o sensibile, per le finalit\u00e0 specifiche sopra indicate \u00e8 prevista la raccolta del Suo esplicito consenso quale base legale di liceit\u00e0 per il trattamento stesso cos\u00ec come disposto dall&#8217;art. 6, c.1, lett. a, Reg. UE n. 679\/2016.<br><br><strong>Modalit\u00e0 di trattamento<\/strong>. I dati verranno trattati in modo lecito, secondo correttezza e con la massima riservatezza, nel pieno rispetto dei principi generali di cui all\u2019art. 5 del predetto Regolamento GDPR, principalmente con strumenti elettronici e informatici e memorizzati sia su supporti informatici che su supporti cartacei, che su ogni altro tipo di supporto idoneo, nel rispetto delle misure di sicurezza adeguate.<br><br><strong>Periodo di conservazione dei dati<\/strong>. Tutti i dati predetti, costituenti lo storico del rapporto tra la Societ\u00e0 e l\u2019Interessato saranno archiviati anche in caso di revoca del consenso al trattamento dei dati per l\u2019espletamento degli eventuali adempimenti di legge connessi o derivanti dalla interruzione del predetto rapporto per la durata di anni 10, onde consentire alla Societ\u00e0 di accertare, esercitare o difendere un proprio diritto in sede giudiziaria.<br><br><strong>Soggetti ai quali potranno essere comunicati i dati personali<\/strong>. I dati personali e\/o sensibili relativi al trattamento in questione non saranno oggetto di diffusione, tuttavia potranno essere comunicati a:<\/p>\n<p><\/p>\n<p><\/p>\n<ol class=\"wp-block-list\">\n<li>Consulenti commerciali, consulenti contabili e amministrativi, fornitori, societ\u00e0 di recupero del credito o Studi legali.<\/li>\n<li>Fornitori esterni di servizi connessi all\u2019elaborazione e alla gestione delle campagne promozionali online e&nbsp;<em>instore<\/em>, nonch\u00e9 nella fornitura dei servizi di assistenza al consumatore o a supporto dell\u2019organizzazione logistica della Societ\u00e0 (es: corrieri, spedizionieri).<\/li>\n<li>Fornitori esterni di servizi connessi ad infrastruttura, linee dati e software informatici.<\/li>\n<\/ol>\n<p><\/p>\n<p><\/p>\n<p><strong>Diritti dell\u2019Interessato.<\/strong>&nbsp;Agli interessati sono riconosciuti i diritti di cui agli articoli 15 e ss. del citato Regolamento (art. 7 del Codice della Privacy) e in particolare il diritto di chiedere al Responsabile del trattamento l&#8217;accesso ai dati personali e la rettifica o la cancellazione degli stessi o la limitazione del trattamento dei dati personali che lo riguardano, nonch\u00e9 di opporsi al loro trattamento, oltre al diritto alla portabilit\u00e0 dei dati. L\u2019esercizio di tali diritti potr\u00e0 essere esperito scrivendo a Nuova Tendarredo Poletto<br><strong>Revoca del consenso.<\/strong>&nbsp;La informiamo che potr\u00e0 revocare in qualunque momento il consenso fornito per il trattamento specifico dei Suoi dati per i quali Le \u00e8 stato richiesto rivolgendosi a Par\u00e0 S.p.A., scrivendo a info@tendarredo.com<br><strong>Reclamo<\/strong>. In ogni caso \u00e8 fatto salvo il diritto dell\u2019interessato di proporre, se ne sussistono i presupposti ed in caso di violazioni, reclamo all\u2019Autorit\u00e0 di Controllo in materia di privacy.&nbsp;<\/p>\n<p><\/p>\t\t\t\t\t\t\t\t<\/div>\n\t\t\t\t<\/div>\n\t\t\t\t\t<\/div>\n\t\t<\/div>\n\t\t\t\t\t<\/div>\n\t\t<\/section>\n\t\t\t\t<\/div>\n\t\t","protected":false},"excerpt":{"rendered":"<p>&nbsp;LA PRIVACY POLICY&nbsp;Informativa ai sensi degli artt. 13 e ss. Reg. UE n. 679\/2016 (GDPR) [ex art. 13 d.lgs. 196\/2003 &#8211; Codice della Privacy]Con la presente Vi informiamo che, ai sensi e per gli effetti degli artt. 13 e ss. del Reg. UE 679\/2016 (GDPR) e ex art. 13 d.lgs. 196\/2003 (Codice della Privacy), i [&hellip;]<\/p>\n","protected":false},"author":1,"featured_media":0,"parent":0,"menu_order":0,"comment_status":"closed","ping_status":"closed","template":"","meta":{"ocean_post_layout":"full-screen","ocean_both_sidebars_style":"","ocean_both_sidebars_content_width":0,"ocean_both_sidebars_sidebars_width":0,"ocean_sidebar":"0","ocean_second_sidebar":"0","ocean_disable_margins":"enable","ocean_add_body_class":"","ocean_shortcode_before_top_bar":"","ocean_shortcode_after_top_bar":"","ocean_shortcode_before_header":"","ocean_shortcode_after_header":"","ocean_has_shortcode":"","ocean_shortcode_after_title":"","ocean_shortcode_before_footer_widgets":"","ocean_shortcode_after_footer_widgets":"","ocean_shortcode_before_footer_bottom":"","ocean_shortcode_after_footer_bottom":"","ocean_display_top_bar":"off","ocean_display_header":"default","ocean_header_style":"","ocean_center_header_left_menu":"0","ocean_custom_header_template":"0","ocean_custom_logo":0,"ocean_custom_retina_logo":0,"ocean_custom_logo_max_width":0,"ocean_custom_logo_tablet_max_width":0,"ocean_custom_logo_mobile_max_width":0,"ocean_custom_logo_max_height":0,"ocean_custom_logo_tablet_max_height":0,"ocean_custom_logo_mobile_max_height":0,"ocean_header_custom_menu":"0","ocean_menu_typo_font_family":"0","ocean_menu_typo_font_subset":"","ocean_menu_typo_font_size":0,"ocean_menu_typo_font_size_tablet":0,"ocean_menu_typo_font_size_mobile":0,"ocean_menu_typo_font_size_unit":"px","ocean_menu_typo_font_weight":"","ocean_menu_typo_font_weight_tablet":"","ocean_menu_typo_font_weight_mobile":"","ocean_menu_typo_transform":"","ocean_menu_typo_transform_tablet":"","ocean_menu_typo_transform_mobile":"","ocean_menu_typo_line_height":0,"ocean_menu_typo_line_height_tablet":0,"ocean_menu_typo_line_height_mobile":0,"ocean_menu_typo_line_height_unit":"","ocean_menu_typo_spacing":0,"ocean_menu_typo_spacing_tablet":0,"ocean_menu_typo_spacing_mobile":0,"ocean_menu_typo_spacing_unit":"","ocean_menu_link_color":"","ocean_menu_link_color_hover":"","ocean_menu_link_color_active":"","ocean_menu_link_background":"","ocean_menu_link_hover_background":"","ocean_menu_link_active_background":"","ocean_menu_social_links_bg":"","ocean_menu_social_hover_links_bg":"","ocean_menu_social_links_color":"","ocean_menu_social_hover_links_color":"","ocean_disable_title":"on","ocean_disable_heading":"default","ocean_post_title":"","ocean_post_subheading":"","ocean_post_title_style":"","ocean_post_title_background_color":"","ocean_post_title_background":0,"ocean_post_title_bg_image_position":"","ocean_post_title_bg_image_attachment":"","ocean_post_title_bg_image_repeat":"","ocean_post_title_bg_image_size":"","ocean_post_title_height":0,"ocean_post_title_bg_overlay":0.5,"ocean_post_title_bg_overlay_color":"","ocean_disable_breadcrumbs":"default","ocean_breadcrumbs_color":"","ocean_breadcrumbs_separator_color":"","ocean_breadcrumbs_links_color":"","ocean_breadcrumbs_links_hover_color":"","ocean_display_footer_widgets":"off","ocean_display_footer_bottom":"off","ocean_custom_footer_template":"0","footnotes":""},"class_list":["post-3","page","type-page","status-publish","hentry","entry"],"_links":{"self":[{"href":"https:\/\/tendarredopoletto.com\/index.php?rest_route=\/wp\/v2\/pages\/3","targetHints":{"allow":["GET"]}}],"collection":[{"href":"https:\/\/tendarredopoletto.com\/index.php?rest_route=\/wp\/v2\/pages"}],"about":[{"href":"https:\/\/tendarredopoletto.com\/index.php?rest_route=\/wp\/v2\/types\/page"}],"author":[{"embeddable":true,"href":"https:\/\/tendarredopoletto.com\/index.php?rest_route=\/wp\/v2\/users\/1"}],"replies":[{"embeddable":true,"href":"https:\/\/tendarredopoletto.com\/index.php?rest_route=%2Fwp%2Fv2%2Fcomments&post=3"}],"version-history":[{"count":6,"href":"https:\/\/tendarredopoletto.com\/index.php?rest_route=\/wp\/v2\/pages\/3\/revisions"}],"predecessor-version":[{"id":998,"href":"https:\/\/tendarredopoletto.com\/index.php?rest_route=\/wp\/v2\/pages\/3\/revisions\/998"}],"wp:attachment":[{"href":"https:\/\/tendarredopoletto.com\/index.php?rest_route=%2Fwp%2Fv2%2Fmedia&parent=3"}],"curies":[{"name":"wp","href":"https:\/\/api.w.org\/{rel}","templated":true}]}}